{"id":3210,"date":"2024-11-18T16:36:16","date_gmt":"2024-11-18T16:36:16","guid":{"rendered":"https:\/\/mk.arcticmeta.com\/?page_id=3210"},"modified":"2025-03-28T13:52:16","modified_gmt":"2025-03-28T13:52:16","slug":"english-courses","status":"publish","type":"page","link":"https:\/\/multikulti.is\/is\/english-courses\/","title":{"rendered":"Enskun\u00e1mskei\u00f0"},"content":{"rendered":"<div data-elementor-type=\"wp-post\" data-elementor-id=\"3210\" class=\"elementor elementor-3210\" data-elementor-post-type=\"page\">\n\t\t\t\t\t\t<section class=\"elementor-section elementor-top-section elementor-element elementor-element-a09da4c elementor-section-content-middle elementor-section-boxed elementor-section-height-default elementor-section-height-default\" data-id=\"a09da4c\" data-element_type=\"section\">\n\t\t\t\t\t\t<div class=\"elementor-container elementor-column-gap-extended\">\n\t\t\t\t\t<div class=\"elementor-column elementor-col-50 elementor-top-column elementor-element elementor-element-c5d8316 sc_layouts_column_icons_position_left\" data-id=\"c5d8316\" data-element_type=\"column\">\n\t\t\t<div class=\"elementor-widget-wrap elementor-element-populated\">\n\t\t\t\t\t\t<div class=\"elementor-element elementor-element-aff59c3 sc_fly_static elementor-widget elementor-widget-trx_sc_title\" data-id=\"aff59c3\" data-element_type=\"widget\" data-widget_type=\"trx_sc_title.default\">\n\t\t\t\t<div class=\"elementor-widget-container\">\n\t\t\t\t\t<div id=\"trx_sc_title_1024091556\"\n\t\tclass=\"sc_title sc_title_default\"><span class=\"sc_item_subtitle sc_title_subtitle sc_item_subtitle_above sc_item_title_style_default\">H\u00e6!<\/span><h2 class=\"sc_item_title sc_title_title sc_item_title_style_default sc_item_title_tag\"><span class=\"sc_item_title_text\">Enskun\u00e1mskei\u00f0in okkar<\/span><\/h2><div class=\"sc_item_descr sc_title_descr\"><p>Kynntu \u00fe\u00e9r enskun\u00e1mskei\u00f0in okkar h\u00e9r fyrir ne\u00f0an og finndu \u00fea\u00f0 sem hentar \u00fe\u00e9r best! Ef engin n\u00e1mskei\u00f0 birtast, \u00fe\u00e1 \u00fe\u00fd\u00f0ir \u00fea\u00f0 a\u00f0 vi\u00f0 erum ekki me\u00f0 enskun\u00e1mskei\u00f0 sem eru s\u00e9rsni\u00f0in a\u00f0 \u00fe\u00ednum \u00fe\u00f6rfum eins og er.<\/p>\n<\/div><a href=\"#courses\" id=\"sc_button_1370891014\" class=\"sc_button sc_button_default sc_item_button sc_item_button_default sc_title_button sc_button_size_normal sc_button_icon_left\"><span class=\"sc_button_text\"><span class=\"sc_button_title\">Leita a\u00f0 n\u00e1mskei\u00f0um<\/span><\/span><!-- \/.sc_button_text --><\/a><!-- \/.sc_button --><\/div><!-- \/.sc_title -->\t\t\t\t<\/div>\n\t\t\t\t<\/div>\n\t\t\t\t\t<\/div>\n\t\t<\/div>\n\t\t\t\t<div class=\"elementor-column elementor-col-50 elementor-top-column elementor-element elementor-element-8949235 sc_layouts_column_icons_position_left\" data-id=\"8949235\" data-element_type=\"column\">\n\t\t\t<div class=\"elementor-widget-wrap elementor-element-populated\">\n\t\t\t\t\t\t<div class=\"elementor-element elementor-element-b99e66e sc_layouts_hide_on_wide sc_layouts_hide_on_desktop sc_layouts_hide_on_notebook sc_layouts_hide_on_tablet sc_fly_static elementor-widget elementor-widget-spacer\" data-id=\"b99e66e\" data-element_type=\"widget\" data-widget_type=\"spacer.default\">\n\t\t\t\t<div class=\"elementor-widget-container\">\n\t\t\t\t\t\t\t<div class=\"elementor-spacer\">\n\t\t\t<div class=\"elementor-spacer-inner\"><\/div>\n\t\t<\/div>\n\t\t\t\t\t\t<\/div>\n\t\t\t\t<\/div>\n\t\t\t\t<div class=\"elementor-element elementor-element-85be391 sc_fly_static elementor-widget elementor-widget-image\" data-id=\"85be391\" data-element_type=\"widget\" data-widget_type=\"image.default\">\n\t\t\t\t<div class=\"elementor-widget-container\">\n\t\t\t\t\t\t\t\t\t\t\t\t\t\t\t<img fetchpriority=\"high\" decoding=\"async\" width=\"1280\" height=\"787\" src=\"https:\/\/multikulti.is\/wp-content\/uploads\/2024\/11\/british-flag-1907933_1280.jpg\" class=\"attachment-full size-full wp-image-3213\" alt=\"British flag\" srcset=\"https:\/\/multikulti.is\/wp-content\/uploads\/2024\/11\/british-flag-1907933_1280.jpg 1280w, https:\/\/multikulti.is\/wp-content\/uploads\/2024\/11\/british-flag-1907933_1280-600x369.jpg 600w, https:\/\/multikulti.is\/wp-content\/uploads\/2024\/11\/british-flag-1907933_1280-300x184.jpg 300w, https:\/\/multikulti.is\/wp-content\/uploads\/2024\/11\/british-flag-1907933_1280-1024x630.jpg 1024w, https:\/\/multikulti.is\/wp-content\/uploads\/2024\/11\/british-flag-1907933_1280-768x472.jpg 768w, https:\/\/multikulti.is\/wp-content\/uploads\/2024\/11\/british-flag-1907933_1280-370x227.jpg 370w, https:\/\/multikulti.is\/wp-content\/uploads\/2024\/11\/british-flag-1907933_1280-760x467.jpg 760w\" sizes=\"(max-width: 1280px) 100vw, 1280px\" \/>\t\t\t\t\t\t\t\t\t\t\t\t\t\t\t<\/div>\n\t\t\t\t<\/div>\n\t\t\t\t\t<\/div>\n\t\t<\/div>\n\t\t\t\t\t<\/div>\n\t\t<\/section>\n\t\t\t\t<section class=\"elementor-section elementor-top-section elementor-element elementor-element-f790158 elementor-section-stretched elementor-section-boxed elementor-section-height-default elementor-section-height-default\" data-id=\"f790158\" data-element_type=\"section\" id=\"courses\" data-settings=\"{&quot;stretch_section&quot;:&quot;section-stretched&quot;,&quot;background_background&quot;:&quot;classic&quot;}\">\n\t\t\t\t\t\t<div class=\"elementor-container elementor-column-gap-extended\">\n\t\t\t\t\t<div class=\"elementor-column elementor-col-100 elementor-top-column elementor-element elementor-element-58676cb sc_layouts_column_icons_position_left\" data-id=\"58676cb\" data-element_type=\"column\">\n\t\t\t<div class=\"elementor-widget-wrap elementor-element-populated\">\n\t\t\t\t\t\t<div class=\"elementor-element elementor-element-775e051 sc_fly_static elementor-widget elementor-widget-spacer\" data-id=\"775e051\" data-element_type=\"widget\" data-widget_type=\"spacer.default\">\n\t\t\t\t<div class=\"elementor-widget-container\">\n\t\t\t\t\t\t\t<div class=\"elementor-spacer\">\n\t\t\t<div class=\"elementor-spacer-inner\"><\/div>\n\t\t<\/div>\n\t\t\t\t\t\t<\/div>\n\t\t\t\t<\/div>\n\t\t\t\t<div class=\"elementor-element elementor-element-50572fb scheme_dark sc_fly_static elementor-widget elementor-widget-trx_sc_title\" data-id=\"50572fb\" data-element_type=\"widget\" data-widget_type=\"trx_sc_title.default\">\n\t\t\t\t<div class=\"elementor-widget-container\">\n\t\t\t\t\t<div id=\"trx_sc_title_854735865\"\n\t\tclass=\"sc_title scheme_dark sc_title_default\"><span class=\"sc_item_subtitle sc_title_subtitle sc_align_center sc_item_subtitle_above sc_item_title_style_default\">L\u00e6r\u00f0u ensku \u00ed dag<\/span><h2 class=\"sc_item_title sc_title_title sc_align_center sc_item_title_style_default sc_item_title_tag trx_addons_inline_1073713474\"><span class=\"sc_item_title_text\">Enskun\u00e1mskei\u00f0 \u00e1 \u00fe\u00ednu tungum\u00e1li<\/span><\/h2><\/div><!-- \/.sc_title -->\t\t\t\t<\/div>\n\t\t\t\t<\/div>\n\t\t\t\t<div class=\"elementor-element elementor-element-909994b sc_fly_static elementor-widget elementor-widget-trx_sc_blogger\" data-id=\"909994b\" data-element_type=\"widget\" data-widget_type=\"trx_sc_blogger.default\">\n\t\t\t\t<div class=\"elementor-widget-container\">\n\t\t\t\t\t<div  id=\"trx_sc_blogger_1330729685\"\t\tclass=\"sc_blogger sc_blogger_default\"><div class=\"sc_item_filters sc_blogger_filters sc_blogger_tabs sc_blogger_tabs_ajax\" data-params=\"a:59:{s:4:&quot;type&quot;;s:7:&quot;default&quot;;s:12:&quot;hide_excerpt&quot;;s:0:&quot;&quot;;s:8:&quot;no_links&quot;;s:0:&quot;&quot;;s:9:&quot;post_type&quot;;s:9:&quot;lp_course&quot;;s:8:&quot;taxonomy&quot;;s:15:&quot;course_category&quot;;s:12:&quot;show_filters&quot;;s:1:&quot;1&quot;;s:16:&quot;taxonomy_filters&quot;;s:10:&quot;course_tag&quot;;s:14:&quot;filters_active&quot;;i:44;s:11:&quot;ids_filters&quot;;a:2:{i:0;s:2:&quot;44&quot;;i:1;s:3:&quot; 45&quot;;}s:16:&quot;show_all_filters&quot;;s:0:&quot;&quot;;s:20:&quot;all_btn_text_filters&quot;;s:0:&quot;&quot;;s:9:&quot;more_text&quot;;s:0:&quot;&quot;;s:10:&quot;pagination&quot;;s:4:&quot;none&quot;;s:4:&quot;page&quot;;i:1;s:2:&quot;id&quot;;s:25:&quot;trx_sc_blogger_1330729685&quot;;s:5:&quot;class&quot;;s:0:&quot;&quot;;s:3:&quot;css&quot;;s:0:&quot;&quot;;s:5:&quot;title&quot;;s:0:&quot;&quot;;s:11:&quot;title_align&quot;;s:6:&quot;center&quot;;s:11:&quot;title_style&quot;;s:7:&quot;default&quot;;s:9:&quot;title_tag&quot;;s:4:&quot;none&quot;;s:11:&quot;title_color&quot;;s:0:&quot;&quot;;s:12:&quot;title_color2&quot;;s:0:&quot;&quot;;s:18:&quot;gradient_direction&quot;;s:1:&quot;0&quot;;s:8:&quot;subtitle&quot;;s:0:&quot;&quot;;s:14:&quot;subtitle_align&quot;;s:4:&quot;none&quot;;s:17:&quot;subtitle_position&quot;;s:5:&quot;above&quot;;s:11:&quot;description&quot;;s:0:&quot;&quot;;s:4:&quot;link&quot;;s:0:&quot;&quot;;s:10:&quot;link_style&quot;;s:7:&quot;default&quot;;s:10:&quot;link_image&quot;;a:3:{s:3:&quot;url&quot;;s:0:&quot;&quot;;s:2:&quot;id&quot;;s:0:&quot;&quot;;s:4:&quot;size&quot;;s:0:&quot;&quot;;}s:9:&quot;link_text&quot;;s:0:&quot;&quot;;s:10:&quot;new_window&quot;;i:0;s:6:&quot;slider&quot;;b:0;s:17:&quot;slider_pagination&quot;;s:4:&quot;none&quot;;s:24:&quot;slider_pagination_thumbs&quot;;i:0;s:15:&quot;slider_controls&quot;;s:6:&quot;bottom&quot;;s:12:&quot;slides_space&quot;;i:30;s:15:&quot;slides_centered&quot;;s:0:&quot;&quot;;s:15:&quot;slides_overflow&quot;;s:0:&quot;&quot;;s:18:&quot;slider_mouse_wheel&quot;;s:0:&quot;&quot;;s:15:&quot;slider_autoplay&quot;;s:1:&quot;1&quot;;s:3:&quot;cat&quot;;s:2:&quot;22&quot;;s:7:&quot;columns&quot;;i:4;s:5:&quot;count&quot;;i:40;s:6:&quot;offset&quot;;i:0;s:7:&quot;orderby&quot;;s:9:&quot;post_date&quot;;s:5:&quot;order&quot;;s:4:&quot;desc&quot;;s:3:&quot;ids&quot;;s:0:&quot;&quot;;s:11:&quot;count_extra&quot;;a:3:{s:4:&quot;unit&quot;;s:2:&quot;px&quot;;s:4:&quot;size&quot;;i:40;s:5:&quot;sizes&quot;;a:0:{}}s:13:&quot;columns_extra&quot;;a:3:{s:4:&quot;unit&quot;;s:2:&quot;px&quot;;s:4:&quot;size&quot;;i:4;s:5:&quot;sizes&quot;;a:0:{}}s:18:&quot;slides_space_extra&quot;;a:3:{s:4:&quot;unit&quot;;s:2:&quot;px&quot;;s:4:&quot;size&quot;;i:30;s:5:&quot;sizes&quot;;a:0:{}}s:12:&quot;offset_extra&quot;;a:3:{s:4:&quot;unit&quot;;s:2:&quot;px&quot;;s:4:&quot;size&quot;;i:0;s:5:&quot;sizes&quot;;a:0:{}}s:24:&quot;gradient_direction_extra&quot;;a:3:{s:4:&quot;unit&quot;;s:2:&quot;px&quot;;s:4:&quot;size&quot;;i:0;s:5:&quot;sizes&quot;;a:0:{}}s:10:&quot;link_extra&quot;;a:4:{s:3:&quot;url&quot;;s:0:&quot;&quot;;s:11:&quot;is_external&quot;;s:0:&quot;&quot;;s:8:&quot;nofollow&quot;;s:0:&quot;&quot;;s:17:&quot;custom_attributes&quot;;s:0:&quot;&quot;;}s:6:&quot;scheme&quot;;s:0:&quot;&quot;;s:11:&quot;color_style&quot;;s:7:&quot;default&quot;;s:5:&quot;hover&quot;;s:7:&quot;inherit&quot;;s:2:&quot;sc&quot;;s:10:&quot;sc_blogger&quot;;}\" >\n\t\t\t\t<ul class=\"sc_item_filters_titles sc_blogger_filters_titles\"><li>\n\t\t\t\t\t\t\t<a href=\"#blogger_filters_44_content\"\n\t\t\t\t\t\t\t    class=\"active\"\t\t\t\t\t\t\t   data-tab=\"44\"\n\t\t\t\t\t\t\t   data-page=\"1\"><span class=\"trx_addons_extended_taxonomy extended_taxonomy_custom_747810078\"><img decoding=\"async\" class=\"trx_addons_extended_taxonomy_img\" src=\"\/\/multikulti.is\/wp-content\/uploads\/2026\/02\/eng-300x300.png\" alt=\"English\" width=\"300\" height=\"300\"><span>enska<\/span><\/span><\/a>\n\t\t\t\t\t\t<\/li><li>\n\t\t\t\t\t\t\t<a href=\"#blogger_filters_%2045_content\"\n\t\t\t\t\t\t\t   \t\t\t\t\t\t\t   data-tab=\" 45\"\n\t\t\t\t\t\t\t   data-page=\"1\"><span class=\"trx_addons_extended_taxonomy extended_taxonomy_custom_771155188\"><img decoding=\"async\" class=\"trx_addons_extended_taxonomy_img\" src=\"\/\/multikulti.is\/wp-content\/uploads\/2019\/02\/flag-3-1.png\" alt=\"Spanish\" width=\"18\" height=\"18\"><span>sp\u00e6nska<\/span><\/span><\/a>\n\t\t\t\t\t\t<\/li>\t\t\t\t<\/ul>\n\t\t\t<\/div><div class=\"sc_blogger_columns_wrap sc_item_columns sc_item_posts_container trx_addons_columns_wrap columns_padding_bottom\"><\/div><\/div>\t\t\t\t<\/div>\n\t\t\t\t<\/div>\n\t\t\t\t\t<\/div>\n\t\t<\/div>\n\t\t\t\t\t<\/div>\n\t\t<\/section>\n\t\t\t\t<\/div>","protected":false},"excerpt":{"rendered":"<p>Hi! Our English Courses Explore our English courses below to find the perfect fit for your needs! If no courses&hellip;<\/p>","protected":false},"author":990006,"featured_media":0,"parent":0,"menu_order":0,"comment_status":"closed","ping_status":"closed","template":"","meta":{"_acf_changed":false,"footnotes":""},"class_list":["post-3210","page","type-page","status-publish","hentry"],"acf":[],"jetpack_sharing_enabled":true,"_links":{"self":[{"href":"https:\/\/multikulti.is\/is\/wp-json\/wp\/v2\/pages\/3210","targetHints":{"allow":["GET"]}}],"collection":[{"href":"https:\/\/multikulti.is\/is\/wp-json\/wp\/v2\/pages"}],"about":[{"href":"https:\/\/multikulti.is\/is\/wp-json\/wp\/v2\/types\/page"}],"author":[{"embeddable":true,"href":"https:\/\/multikulti.is\/is\/wp-json\/wp\/v2\/users\/990006"}],"replies":[{"embeddable":true,"href":"https:\/\/multikulti.is\/is\/wp-json\/wp\/v2\/comments?post=3210"}],"version-history":[{"count":13,"href":"https:\/\/multikulti.is\/is\/wp-json\/wp\/v2\/pages\/3210\/revisions"}],"predecessor-version":[{"id":4931,"href":"https:\/\/multikulti.is\/is\/wp-json\/wp\/v2\/pages\/3210\/revisions\/4931"}],"wp:attachment":[{"href":"https:\/\/multikulti.is\/is\/wp-json\/wp\/v2\/media?parent=3210"}],"curies":[{"name":"wp","href":"https:\/\/api.w.org\/{rel}","templated":true}]}}