{"id":3277,"date":"2024-11-20T11:40:42","date_gmt":"2024-11-20T11:40:42","guid":{"rendered":"https:\/\/mk.arcticmeta.com\/?page_id=3277"},"modified":"2024-12-24T14:54:53","modified_gmt":"2024-12-24T14:54:53","slug":"for-companies","status":"publish","type":"page","link":"https:\/\/multikulti.is\/is\/for-companies\/","title":{"rendered":"Fyrirt\u00e6kjan\u00e1mskei\u00f0"},"content":{"rendered":"<div data-elementor-type=\"wp-post\" data-elementor-id=\"3277\" class=\"elementor elementor-3277\" data-elementor-post-type=\"page\">\n\t\t\t\t\t\t<section class=\"elementor-section elementor-top-section elementor-element elementor-element-a09da4c elementor-section-content-middle elementor-section-boxed elementor-section-height-default elementor-section-height-default\" data-id=\"a09da4c\" data-element_type=\"section\">\n\t\t\t\t\t\t<div class=\"elementor-container elementor-column-gap-extended\">\n\t\t\t\t\t<div class=\"elementor-column elementor-col-50 elementor-top-column elementor-element elementor-element-c5d8316 sc_layouts_column_icons_position_left\" data-id=\"c5d8316\" data-element_type=\"column\">\n\t\t\t<div class=\"elementor-widget-wrap elementor-element-populated\">\n\t\t\t\t\t\t<div class=\"elementor-element elementor-element-aff59c3 sc_fly_static elementor-widget elementor-widget-trx_sc_title\" data-id=\"aff59c3\" data-element_type=\"widget\" data-widget_type=\"trx_sc_title.default\">\n\t\t\t\t<div class=\"elementor-widget-container\">\n\t\t\t\t\t<div id=\"trx_sc_title_193590772\"\n\t\tclass=\"sc_title sc_title_default\"><span class=\"sc_item_subtitle sc_title_subtitle sc_item_subtitle_above sc_item_title_style_default\">\u00der\u00f3a\u00f0u starfsli\u00f0i\u00f0 \u00feitt<\/span><h2 class=\"sc_item_title sc_title_title sc_item_title_style_default sc_item_title_tag\"><span class=\"sc_item_title_text\">Fyrirt\u00e6kjan\u00e1mskei\u00f0<\/span><\/h2><div class=\"sc_item_descr sc_title_descr\"><p>M\u00falt\u00edk\u00falt\u00ed m\u00e1lami\u00f0st\u00f6\u00f0 b\u00fd\u00f0ur upp \u00e1 s\u00e9rsni\u00f0in \u00edslenskun\u00e1mskei\u00f0 fyrir fyrirt\u00e6ki, sem h\u00e6gt er a\u00f0 halda anna\u00f0hvort \u00e1 vinnusta\u00f0num e\u00f0a \u00ed h\u00fasn\u00e6\u00f0i M\u00falt\u00edk\u00falt\u00ed a\u00f0 Bolholti 6.<\/p>\n<\/div><a href=\"#offering\" id=\"sc_button_935045841\" class=\"sc_button sc_button_default sc_item_button sc_item_button_default sc_title_button sc_button_size_normal sc_button_icon_left\"><span class=\"sc_button_text\"><span class=\"sc_button_title\">L\u00e6r\u00f0u meira<\/span><\/span><!-- \/.sc_button_text --><\/a><!-- \/.sc_button --><\/div><!-- \/.sc_title -->\t\t\t\t<\/div>\n\t\t\t\t<\/div>\n\t\t\t\t\t<\/div>\n\t\t<\/div>\n\t\t\t\t<div class=\"elementor-column elementor-col-50 elementor-top-column elementor-element elementor-element-8949235 sc_layouts_column_icons_position_left\" data-id=\"8949235\" data-element_type=\"column\">\n\t\t\t<div class=\"elementor-widget-wrap elementor-element-populated\">\n\t\t\t\t\t\t<div class=\"elementor-element elementor-element-b99e66e sc_layouts_hide_on_wide sc_layouts_hide_on_desktop sc_layouts_hide_on_notebook sc_layouts_hide_on_tablet sc_fly_static elementor-widget elementor-widget-spacer\" data-id=\"b99e66e\" data-element_type=\"widget\" data-widget_type=\"spacer.default\">\n\t\t\t\t<div class=\"elementor-widget-container\">\n\t\t\t\t\t\t\t<div class=\"elementor-spacer\">\n\t\t\t<div class=\"elementor-spacer-inner\"><\/div>\n\t\t<\/div>\n\t\t\t\t\t\t<\/div>\n\t\t\t\t<\/div>\n\t\t\t\t<div class=\"elementor-element elementor-element-85be391 sc_fly_static elementor-widget elementor-widget-image\" data-id=\"85be391\" data-element_type=\"widget\" data-widget_type=\"image.default\">\n\t\t\t\t<div class=\"elementor-widget-container\">\n\t\t\t\t\t\t\t\t\t\t\t\t\t\t\t<img fetchpriority=\"high\" decoding=\"async\" width=\"1710\" height=\"784\" src=\"https:\/\/multikulti.is\/wp-content\/uploads\/2024\/11\/For-Comapnies.webp\" class=\"attachment-full size-full wp-image-3280\" alt=\"M\u00falt\u00edk\u00falti completing a company seminar\" srcset=\"https:\/\/multikulti.is\/wp-content\/uploads\/2024\/11\/For-Comapnies.webp 1710w, https:\/\/multikulti.is\/wp-content\/uploads\/2024\/11\/For-Comapnies-600x275.webp 600w, https:\/\/multikulti.is\/wp-content\/uploads\/2024\/11\/For-Comapnies-300x138.webp 300w, https:\/\/multikulti.is\/wp-content\/uploads\/2024\/11\/For-Comapnies-1024x469.webp 1024w, https:\/\/multikulti.is\/wp-content\/uploads\/2024\/11\/For-Comapnies-768x352.webp 768w, https:\/\/multikulti.is\/wp-content\/uploads\/2024\/11\/For-Comapnies-1536x704.webp 1536w, https:\/\/multikulti.is\/wp-content\/uploads\/2024\/11\/For-Comapnies-370x170.webp 370w, https:\/\/multikulti.is\/wp-content\/uploads\/2024\/11\/For-Comapnies-760x348.webp 760w\" sizes=\"(max-width: 1710px) 100vw, 1710px\" \/>\t\t\t\t\t\t\t\t\t\t\t\t\t\t\t<\/div>\n\t\t\t\t<\/div>\n\t\t\t\t\t<\/div>\n\t\t<\/div>\n\t\t\t\t\t<\/div>\n\t\t<\/section>\n\t\t\t\t<section class=\"elementor-section elementor-top-section elementor-element elementor-element-f790158 elementor-section-stretched elementor-section-boxed elementor-section-height-default elementor-section-height-default\" data-id=\"f790158\" data-element_type=\"section\" id=\"offering\" data-settings=\"{&quot;stretch_section&quot;:&quot;section-stretched&quot;,&quot;background_background&quot;:&quot;classic&quot;}\">\n\t\t\t\t\t\t<div class=\"elementor-container elementor-column-gap-extended\">\n\t\t\t\t\t<div class=\"elementor-column elementor-col-100 elementor-top-column elementor-element elementor-element-58676cb sc_layouts_column_icons_position_left\" data-id=\"58676cb\" data-element_type=\"column\">\n\t\t\t<div class=\"elementor-widget-wrap elementor-element-populated\">\n\t\t\t\t\t\t<div class=\"elementor-element elementor-element-2119b30 sc_fly_static elementor-widget elementor-widget-trx_sc_title\" data-id=\"2119b30\" data-element_type=\"widget\" data-widget_type=\"trx_sc_title.default\">\n\t\t\t\t<div class=\"elementor-widget-container\">\n\t\t\t\t\t<div id=\"trx_sc_title_1740850704\"\n\t\tclass=\"sc_title sc_title_default\"><span class=\"sc_item_subtitle sc_title_subtitle sc_align_center sc_item_subtitle_above sc_item_title_style_default\">Valm\u00f6guleikar fyrir fyrirt\u00e6ki<\/span><h2 class=\"sc_item_title sc_title_title sc_align_center sc_item_title_style_default\"><span class=\"sc_item_title_text\">\u00dea\u00f0 sem vi\u00f0 bj\u00f3\u00f0um upp \u00e1<\/span><\/h2><\/div><!-- \/.sc_title -->\t\t\t\t<\/div>\n\t\t\t\t<\/div>\n\t\t\t\t<section class=\"elementor-section elementor-inner-section elementor-element elementor-element-f0029a5 elementor-section-boxed elementor-section-height-default elementor-section-height-default\" data-id=\"f0029a5\" data-element_type=\"section\">\n\t\t\t\t\t\t<div class=\"elementor-container elementor-column-gap-extended\">\n\t\t\t\t\t<div class=\"elementor-column elementor-col-50 elementor-inner-column elementor-element elementor-element-e8d3514 sc_layouts_column_icons_position_left\" data-id=\"e8d3514\" data-element_type=\"column\">\n\t\t\t<div class=\"elementor-widget-wrap elementor-element-populated\">\n\t\t\t\t\t\t<div class=\"elementor-element elementor-element-69c2536 sc_fly_static elementor-widget elementor-widget-text-editor\" data-id=\"69c2536\" data-element_type=\"widget\" data-widget_type=\"text-editor.default\">\n\t\t\t\t<div class=\"elementor-widget-container\">\n\t\t\t\t\t\t\t\t\t<p class=\"p1\">M\u00falt\u00edk\u00falt\u00ed b\u00fd\u00f0ur upp \u00e1 s\u00e9rsni\u00f0in n\u00e1mskei\u00f0 fyrir fyrirt\u00e6ki og stofnanir, h\u00f6nnu\u00f0 til a\u00f0 m\u00e6ta \u00fe\u00f6rfum vinnusta\u00f0arins. \u00deessi n\u00e1mskei\u00f0 geta fari\u00f0 fram \u00e1 vinnusta\u00f0num, \u00ed kennslustofum okkar a\u00f0 Bolholti 6, Reykjav\u00edk, e\u00f0a \u00e1 netinu.<\/p><p class=\"p1\">Ferli\u00f0 hefst me\u00f0 \u00edtarlegri \u00fearfagreiningu, \u00fear sem samskipti \u00e1 vinnusta\u00f0num eru sko\u00f0u\u00f0 og unnin er s\u00e9rsni\u00f0in or\u00f0alisti sem hentar starfinu. Kennsluefni er vandlega \u00fer\u00f3a\u00f0 til a\u00f0 m\u00e6ta s\u00e9rst\u00f6kum \u00fe\u00f6rfum vinnusta\u00f0arins.<\/p>\t\t\t\t\t\t\t\t<\/div>\n\t\t\t\t<\/div>\n\t\t\t\t\t<\/div>\n\t\t<\/div>\n\t\t\t\t<div class=\"elementor-column elementor-col-50 elementor-inner-column elementor-element elementor-element-fae588a sc_layouts_column_icons_position_left\" data-id=\"fae588a\" data-element_type=\"column\">\n\t\t\t<div class=\"elementor-widget-wrap elementor-element-populated\">\n\t\t\t\t\t\t<div class=\"elementor-element elementor-element-c01a47b sc_fly_static elementor-widget elementor-widget-text-editor\" data-id=\"c01a47b\" data-element_type=\"widget\" data-widget_type=\"text-editor.default\">\n\t\t\t\t<div class=\"elementor-widget-container\">\n\t\t\t\t\t\t\t\t\t<p class=\"p1\">Undirb\u00faningsfundur er haldinn me\u00f0 \u00edslenskum starfsm\u00f6nnum til a\u00f0 hvetja til virkra samskipta \u00e1 \u00edslensku me\u00f0an \u00e1 n\u00e1mskei\u00f0inu stendur. A\u00f0 n\u00e1mskei\u00f0i loknu f\u00e1 \u00fe\u00e1tttakendur vi\u00f0urkenningarskjal og ums\u00f6gn sem sta\u00f0festir \u00e1rangur \u00feeirra.<\/p><p class=\"p1\"><strong>Ertu tilb\u00fain(n) a\u00f0 fj\u00e1rfesta \u00ed \u00fer\u00f3un starfsf\u00f3lks \u00fe\u00edns?<\/strong> Fylltu \u00fat formi\u00f0 h\u00e9r a\u00f0 ne\u00f0an til a\u00f0 hefja ferli\u00f0, \u00f3ska eftir frekari uppl\u00fdsingum e\u00f0a f\u00e1 sv\u00f6r vi\u00f0 spurningum \u00fe\u00ednum.<\/p>\t\t\t\t\t\t\t\t<\/div>\n\t\t\t\t<\/div>\n\t\t\t\t\t<\/div>\n\t\t<\/div>\n\t\t\t\t\t<\/div>\n\t\t<\/section>\n\t\t\t\t<div class=\"elementor-element elementor-element-775e051 sc_fly_static elementor-widget elementor-widget-spacer\" data-id=\"775e051\" data-element_type=\"widget\" data-widget_type=\"spacer.default\">\n\t\t\t\t<div class=\"elementor-widget-container\">\n\t\t\t\t\t\t\t<div class=\"elementor-spacer\">\n\t\t\t<div class=\"elementor-spacer-inner\"><\/div>\n\t\t<\/div>\n\t\t\t\t\t\t<\/div>\n\t\t\t\t<\/div>\n\t\t\t\t\t<\/div>\n\t\t<\/div>\n\t\t\t\t\t<\/div>\n\t\t<\/section>\n\t\t\t\t<section class=\"elementor-section elementor-top-section elementor-element elementor-element-5028dab elementor-section-stretched scheme_dark elementor-section-boxed elementor-section-height-default elementor-section-height-default\" data-id=\"5028dab\" data-element_type=\"section\" data-settings=\"{&quot;stretch_section&quot;:&quot;section-stretched&quot;,&quot;background_background&quot;:&quot;classic&quot;}\">\n\t\t\t\t\t\t<div class=\"elementor-container elementor-column-gap-extended\">\n\t\t\t\t\t<div class=\"elementor-column elementor-col-16 elementor-top-column elementor-element elementor-element-8ca675b sc_layouts_column_icons_position_left\" data-id=\"8ca675b\" data-element_type=\"column\">\n\t\t\t<div class=\"elementor-widget-wrap\">\n\t\t\t\t\t\t\t<\/div>\n\t\t<\/div>\n\t\t\t\t<div class=\"elementor-column elementor-col-66 elementor-top-column elementor-element elementor-element-6289c17 sc_layouts_column_icons_position_left\" data-id=\"6289c17\" data-element_type=\"column\">\n\t\t\t<div class=\"elementor-widget-wrap elementor-element-populated\">\n\t\t\t\t\t\t<div class=\"elementor-element elementor-element-bd3d56a sc_fly_static elementor-widget elementor-widget-trx_sc_title\" data-id=\"bd3d56a\" data-element_type=\"widget\" data-widget_type=\"trx_sc_title.default\">\n\t\t\t\t<div class=\"elementor-widget-container\">\n\t\t\t\t\t<div id=\"trx_sc_title_707900823\"\n\t\tclass=\"sc_title sc_title_default\"><span class=\"sc_item_subtitle sc_title_subtitle sc_align_center sc_item_subtitle_above sc_item_title_style_default\">Legg\u00f0u af sta\u00f0 \u00ed fer\u00f0alagi\u00f0 me\u00f0 M\u00falt\u00edk\u00falt\u00ed<\/span><h2 class=\"sc_item_title sc_title_title sc_align_center sc_item_title_style_default sc_item_title_tag trx_addons_inline_1358424058\"><span class=\"sc_item_title_text\">Haf\u00f0u Samband<\/span><\/h2><\/div><!-- \/.sc_title -->\t\t\t\t<\/div>\n\t\t\t\t<\/div>\n\t\t\t\t<div class=\"elementor-element elementor-element-fd470c4 sc_fly_static elementor-widget elementor-widget-spacer\" data-id=\"fd470c4\" data-element_type=\"widget\" data-widget_type=\"spacer.default\">\n\t\t\t\t<div class=\"elementor-widget-container\">\n\t\t\t\t\t\t\t<div class=\"elementor-spacer\">\n\t\t\t<div class=\"elementor-spacer-inner\"><\/div>\n\t\t<\/div>\n\t\t\t\t\t\t<\/div>\n\t\t\t\t<\/div>\n\t\t\t\t<div class=\"elementor-element elementor-element-41e1420 sc_fly_static elementor-widget elementor-widget-text-editor\" data-id=\"41e1420\" data-element_type=\"widget\" data-widget_type=\"text-editor.default\">\n\t\t\t\t<div class=\"elementor-widget-container\">\n\t\t\t\t\t\t\t\t\t<p>\n<div class=\"wpcf7 no-js\" id=\"wpcf7-f4250-o1\" lang=\"en-US\" dir=\"ltr\" data-wpcf7-id=\"4250\">\n<div class=\"screen-reader-response\"><p role=\"status\" aria-live=\"polite\" aria-atomic=\"true\"><\/p> <ul><\/ul><\/div>\n<form action=\"\/is\/wp-json\/wp\/v2\/pages\/3277#wpcf7-f4250-o1\" method=\"post\" class=\"wpcf7-form init\" aria-label=\"Contact form\" novalidate=\"novalidate\" data-status=\"init\" data-trp-original-action=\"\/is\/wp-json\/wp\/v2\/pages\/3277#wpcf7-f4250-o1\">\n<div style=\"display: none;\">\n<input type=\"hidden\" name=\"_wpcf7\" value=\"4250\" \/>\n<input type=\"hidden\" name=\"_wpcf7_version\" value=\"6.0.4\" \/>\n<input type=\"hidden\" name=\"_wpcf7_locale\" value=\"en_US\" \/>\n<input type=\"hidden\" name=\"_wpcf7_unit_tag\" value=\"wpcf7-f4250-o1\" \/>\n<input type=\"hidden\" name=\"_wpcf7_container_post\" value=\"0\" \/>\n<input type=\"hidden\" name=\"_wpcf7_posted_data_hash\" value=\"\" \/>\n<\/div>\n<div class=\"flex\">\n<div class='itm row' ><span class=\"wpcf7-form-control-wrap\" data-name=\"your-name\"><input size=\"40\" maxlength=\"400\" class=\"wpcf7-form-control wpcf7-text wpcf7-validates-as-required\" aria-required=\"true\" aria-invalid=\"false\" placeholder=\"Nafn \u00feitt*\" value=\"\" type=\"text\" name=\"your-name\" \/><\/span><\/div> \n<div class='itm row'><span class=\"wpcf7-form-control-wrap\" data-name=\"your-email\"><input size=\"40\" maxlength=\"400\" class=\"wpcf7-form-control wpcf7-email wpcf7-validates-as-required wpcf7-text wpcf7-validates-as-email\" aria-required=\"true\" aria-invalid=\"false\" placeholder=\"Netfang \u00feitt*\" value=\"\" type=\"email\" name=\"your-email\" \/><\/span><\/div><\/div>\n<div class='itm row'><span class=\"wpcf7-form-control-wrap\" data-name=\"company-name\"><input size=\"40\" maxlength=\"400\" class=\"wpcf7-form-control wpcf7-text Company Name\" aria-invalid=\"false\" placeholder=\"Company name\" value=\"\" type=\"text\" name=\"company-name\" \/><\/span><\/div> \n<div class=''><span class=\"wpcf7-form-control-wrap\" data-name=\"your-message\"><textarea cols=\"40\" rows=\"10\" maxlength=\"2000\" class=\"wpcf7-form-control wpcf7-textarea wpcf7-validates-as-required\" aria-required=\"true\" aria-invalid=\"false\" placeholder=\"Sendu skilabo\u00f0*\" name=\"your-message\"><\/textarea><\/span><\/div>\n<div><span class=\"wpcf7-form-control-wrap\" data-name=\"acceptance-150\"><span class=\"wpcf7-form-control wpcf7-acceptance\"><span class=\"wpcf7-list-item\"><label><input type=\"checkbox\" name=\"acceptance-150\" value=\"1\" aria-invalid=\"false\" \/><span class=\"wpcf7-list-item-label\">\u00c9g sam\u00feykki a\u00f0 g\u00f6gnum m\u00ednum s\u00e9 safna\u00f0 og \u00feau vistu\u00f0.<\/span><\/label><\/span><\/span><\/span><\/div> \n<div class=\"sc_form_field_button sc_form_field_submit\"><input class=\"wpcf7-form-control wpcf7-submit has-spinner\" type=\"submit\" value=\"Senda\" \/><\/div><div class=\"wpcf7-response-output\" aria-hidden=\"true\"><\/div>\n<input type=\"hidden\" name=\"trp-form-language\" value=\"is\"\/><\/form>\n<\/div>\n<\/p>\t\t\t\t\t\t\t\t<\/div>\n\t\t\t\t<\/div>\n\t\t\t\t\t<\/div>\n\t\t<\/div>\n\t\t\t\t<div class=\"elementor-column elementor-col-16 elementor-top-column elementor-element elementor-element-6e4f35a sc_layouts_column_icons_position_left\" data-id=\"6e4f35a\" data-element_type=\"column\">\n\t\t\t<div class=\"elementor-widget-wrap\">\n\t\t\t\t\t\t\t<\/div>\n\t\t<\/div>\n\t\t\t\t\t<\/div>\n\t\t<\/section>\n\t\t\t\t<section class=\"elementor-section elementor-top-section elementor-element elementor-element-b78d23d elementor-section-boxed elementor-section-height-default elementor-section-height-default\" data-id=\"b78d23d\" data-element_type=\"section\">\n\t\t\t\t\t\t<div class=\"elementor-container elementor-column-gap-extended\">\n\t\t\t\t\t<div class=\"elementor-column elementor-col-100 elementor-top-column elementor-element elementor-element-d644388 sc_layouts_column_icons_position_left\" data-id=\"d644388\" data-element_type=\"column\">\n\t\t\t<div class=\"elementor-widget-wrap elementor-element-populated\">\n\t\t\t\t\t\t<div class=\"elementor-element elementor-element-bb89cf1 sc_fly_static elementor-widget elementor-widget-trx_sc_title\" data-id=\"bb89cf1\" data-element_type=\"widget\" data-widget_type=\"trx_sc_title.default\">\n\t\t\t\t<div class=\"elementor-widget-container\">\n\t\t\t\t\t<div id=\"trx_sc_title_2102892074\"\n\t\tclass=\"sc_title sc_title_default\"><span class=\"sc_item_subtitle sc_title_subtitle sc_align_center sc_item_subtitle_above sc_item_title_style_default\">M\u00e1lami\u00f0st\u00f6\u00f0in okkar<\/span><h2 class=\"sc_item_title sc_title_title sc_align_center sc_item_title_style_default sc_item_title_tag\"><span class=\"sc_item_title_text\">Sta\u00f0setning okkar<\/span><\/h2><\/div><!-- \/.sc_title -->\t\t\t\t<\/div>\n\t\t\t\t<\/div>\n\t\t\t\t<div class=\"elementor-element elementor-element-792b5b4 sc_fly_static elementor-widget elementor-widget-google_maps\" data-id=\"792b5b4\" data-element_type=\"widget\" data-widget_type=\"google_maps.default\">\n\t\t\t\t<div class=\"elementor-widget-container\">\n\t\t\t\t\t\t\t<div class=\"elementor-custom-embed\">\n\t\t\t<iframe loading=\"lazy\"\n\t\t\t\t\tsrc=\"https:\/\/maps.google.com\/maps?q=Bolholt%206%2C%20105%2C%20Reykjav%C3%ADk&#038;t=m&#038;z=16&#038;output=embed&#038;iwloc=near\"\n\t\t\t\t\ttitle=\"Bolholt 6, 105, Reykjav\u00edk\"\n\t\t\t\t\taria-label=\"Bolholt 6, 105, Reykjav\u00edk\"\n\t\t\t><\/iframe>\n\t\t<\/div>\n\t\t\t\t\t\t<\/div>\n\t\t\t\t<\/div>\n\t\t\t\t<div class=\"elementor-element elementor-element-f89f131 sc_fly_static elementor-widget elementor-widget-spacer\" data-id=\"f89f131\" data-element_type=\"widget\" data-widget_type=\"spacer.default\">\n\t\t\t\t<div class=\"elementor-widget-container\">\n\t\t\t\t\t\t\t<div class=\"elementor-spacer\">\n\t\t\t<div class=\"elementor-spacer-inner\"><\/div>\n\t\t<\/div>\n\t\t\t\t\t\t<\/div>\n\t\t\t\t<\/div>\n\t\t\t\t\t<\/div>\n\t\t<\/div>\n\t\t\t\t\t<\/div>\n\t\t<\/section>\n\t\t\t\t<\/div>","protected":false},"excerpt":{"rendered":"<p>Develop your workforce! For Companies M\u00falt\u00edk\u00falti Language Centre offers tailored Icelandic courses for companies, conducted either at your workplace or&hellip;<\/p>","protected":false},"author":990006,"featured_media":0,"parent":0,"menu_order":0,"comment_status":"closed","ping_status":"closed","template":"","meta":{"_acf_changed":false,"footnotes":""},"class_list":["post-3277","page","type-page","status-publish","hentry"],"acf":[],"jetpack_sharing_enabled":true,"_links":{"self":[{"href":"https:\/\/multikulti.is\/is\/wp-json\/wp\/v2\/pages\/3277","targetHints":{"allow":["GET"]}}],"collection":[{"href":"https:\/\/multikulti.is\/is\/wp-json\/wp\/v2\/pages"}],"about":[{"href":"https:\/\/multikulti.is\/is\/wp-json\/wp\/v2\/types\/page"}],"author":[{"embeddable":true,"href":"https:\/\/multikulti.is\/is\/wp-json\/wp\/v2\/users\/990006"}],"replies":[{"embeddable":true,"href":"https:\/\/multikulti.is\/is\/wp-json\/wp\/v2\/comments?post=3277"}],"version-history":[{"count":13,"href":"https:\/\/multikulti.is\/is\/wp-json\/wp\/v2\/pages\/3277\/revisions"}],"predecessor-version":[{"id":4254,"href":"https:\/\/multikulti.is\/is\/wp-json\/wp\/v2\/pages\/3277\/revisions\/4254"}],"wp:attachment":[{"href":"https:\/\/multikulti.is\/is\/wp-json\/wp\/v2\/media?parent=3277"}],"curies":[{"name":"wp","href":"https:\/\/api.w.org\/{rel}","templated":true}]}}